{"id":19,"date":"2014-11-30T12:05:49","date_gmt":"2014-11-30T12:05:49","guid":{"rendered":"http:\/\/ampa.agmundet.es\/?page_id=19"},"modified":"2020-10-23T10:39:21","modified_gmt":"2020-10-23T10:39:21","slug":"normativa","status":"publish","type":"page","link":"https:\/\/ampa.agmundet.es\/?page_id=19","title":{"rendered":"Normativa"},"content":{"rendered":"<p>Segons l&#8217;Art. 27 de la Constituci\u00f3 Espanyola els pares i mares tenen dret a participar en la gesti\u00f3 i control dels centres sostinguts amb fons p\u00fablics. Aix\u00ed com intervenir en la programaci\u00f3 general de l&#8217;ensenyament.<\/p>\n<p>La LOE (Llei Org\u00e0nica d&#8217;Educaci\u00f3 2\/2006 de 3 de maig) recull en el seu Art. 119 que els pares podran participar en el funcionament dels centres a trav\u00e9s de les seves associacions.<\/p>\n<hr>\n<p><b>Per tot aix\u00f3 els pares i les mares s&#8217;organitzen en entitats sense anim de lucre a la qual poden associar-se voluntariament tots els pares i mares que tenen fills matriculats en un centre educa.<\/b><\/p>\n<hr>\n<p>Les finalitats reconegudes a les AFA estan en el Real Decret 1533\/86 son entre unes altres:.<\/p>\n<p>&#8211; Assistir als pares d&#8217;alumnat en l&#8217;exercici del seu dret a intervenir en el control i gesti\u00f3 dels centres sostinguts amb fons p\u00fablics.<\/p>\n<p>&#8211; Facilitar la representaci\u00f3 i participaci\u00f3 dels pares de l&#8217;alumnat en els Consells Escolars dels centres p\u00fablics i concertats i \u00f2rgans col\u00b7legiats.<\/p>\n<p>&#8211; Participar en el Consell Escolar de Centre amb veu i vot.<br \/>\nPel que fa al Reglament Organic, Centres d&#8217;educacio secundaria, en el seu Titol VII &#8220;Associacions de pares d&#8217;alumnes i associacions d&#8217;alumnes&#8221; ( Article 113) estableix que:<\/p>\n<p>1.En els instituts d&#8217;Educacio Secundaria podran existir les associacions de pares d&#8217;alumnes, regulades en el reial decret 1533\/1986, de 11 de juliol, i les associacions d&#8217;alumnes, regulades en el Reial decret 1532\/1986, de 11 de juliol.<\/p>\n<p>2. Les associacions de pares d&#8217;alumnes i les associacions d&#8217;alumnes constituides en cada institut podran: 1. Elevar al Consell Escolar propostes per a l&#8217;elaboracio del projecte educatiu i de la programacio general anual. 2. Informar al Consell Escolar d&#8217;aquells aspectes de la marxa de l\u2019Institut que consideri oportu.<\/p>\n<p>3. Informar a tots els membres de la comunitat educativa de la seva activitat.<\/p>\n<p>4. Rebre informacio del Consell Escolar sobre els temes tractats en el mateix, aixi com rebre l&#8217;ordre del dia d&#8217;aquest consell abans de la seva realitzacio, amb l&#8217;objecte de poder elaborar propostes.<\/p>\n<p>5. Elaborar informes per al consell Escolar a iniciativa propia o a peticio d&#8217;aquest.<\/p>\n<p>6. Elaborar propostes de modificacio del Reglament de Regim interior.<\/p>\n<p>7. Formular propostes per a la realitzacio d&#8217;activitats complementaries que, una vegada acceptades, haurien de figurar en la programacio general anual.<\/p>\n<p>8. Coneixer els resultats academics i la valoracio que dels mateixos realitzi el Consell Escolar.<\/p>\n<p>9. Rebre un exemplar del projecte educatiu, dels projectes curriculars d&#8217;etapa i de les seves modificacions.<\/p>\n<p>10. Rebre informacio sobre els llibres de text i els materials didactics adoptats pel centre.<\/p>\n<p>11. Fomentar la col\u2022laboracio entre tots els membres de la comunitat educativa. .<\/p>\n","protected":false},"excerpt":{"rendered":"<p>Segons l&#8217;Art. 27 de la Constituci\u00f3 Espanyola els pares i mares tenen dret a participar en la gesti\u00f3 i control dels centres sostinguts amb fons p\u00fablics. Aix\u00ed com intervenir en la programaci\u00f3 general de l&#8217;ensenyament. La LOE (Llei Org\u00e0nica d&#8217;Educaci\u00f3 2\/2006 de 3 de maig) recull en el seu Art. 119 que els pares podran participar en el funcionament dels<\/p>\n","protected":false},"author":1,"featured_media":0,"parent":0,"menu_order":0,"comment_status":"closed","ping_status":"closed","template":"","meta":{"footnotes":""},"class_list":["post-19","page","type-page","status-publish","hentry"],"wppr_data":{"cwp_meta_box_check":"No","cwp_rev_product_name":"","cwp_rev_product_image":"","cwp_image_link":"image","cwp_rev_price":""},"post_mailing_queue_ids":[],"_links":{"self":[{"href":"https:\/\/ampa.agmundet.es\/index.php?rest_route=\/wp\/v2\/pages\/19","targetHints":{"allow":["GET"]}}],"collection":[{"href":"https:\/\/ampa.agmundet.es\/index.php?rest_route=\/wp\/v2\/pages"}],"about":[{"href":"https:\/\/ampa.agmundet.es\/index.php?rest_route=\/wp\/v2\/types\/page"}],"author":[{"embeddable":true,"href":"https:\/\/ampa.agmundet.es\/index.php?rest_route=\/wp\/v2\/users\/1"}],"replies":[{"embeddable":true,"href":"https:\/\/ampa.agmundet.es\/index.php?rest_route=%2Fwp%2Fv2%2Fcomments&post=19"}],"version-history":[{"count":4,"href":"https:\/\/ampa.agmundet.es\/index.php?rest_route=\/wp\/v2\/pages\/19\/revisions"}],"predecessor-version":[{"id":1810,"href":"https:\/\/ampa.agmundet.es\/index.php?rest_route=\/wp\/v2\/pages\/19\/revisions\/1810"}],"wp:attachment":[{"href":"https:\/\/ampa.agmundet.es\/index.php?rest_route=%2Fwp%2Fv2%2Fmedia&parent=19"}],"curies":[{"name":"wp","href":"https:\/\/api.w.org\/{rel}","templated":true}]}}