{"id":32,"date":"2018-02-12T13:13:07","date_gmt":"2018-02-12T13:13:07","guid":{"rendered":"http:\/\/ampa.agmundet.es\/?page_id=32"},"modified":"2023-02-20T16:15:22","modified_gmt":"2023-02-20T16:15:22","slug":"junta","status":"publish","type":"page","link":"http:\/\/ampa.agmundet.es\/?page_id=32","title":{"rendered":"Junta"},"content":{"rendered":"<p>L\u2019AFA est\u00e0 integrada per totes les fam\u00edlies que tenen fills i filles matriculats a l\u2019Institut Anna Gironella de Mundet.<\/p>\n<p>La Junta de l\u2019AFA \u00e9s l\u2019\u00f2rgan d\u2019organitzaci\u00f3, gesti\u00f3 i funcionament de l\u2019associaci\u00f3 per delegaci\u00f3 expressa de l\u2019Assemblea i est\u00e0 composta per la presid\u00e8ncia, la vicepresid\u00e8ncia, la secretaria, la tresoreria i quatre vocals. Als quals poden adre\u00e7ar-se totes les fam\u00edlies per demanar i intercanviar informaci\u00f3 amb la finalitat d\u2019aconseguir la millor formaci\u00f3 possible per als seus fills i filles.<\/p>\n<p>Qualsevol pare o mare pot formar part de la junta si ho desitja presentant la seva candidatura en el moment que es convoquen eleccions.<\/p>\n<p><strong>Convocat\u00f2ries i Actes d&#8217;Assembles:<\/strong><\/p>\n<p><a href=\"http:\/\/ampa.agmundet.es\/wp-content\/uploads\/2023\/02\/Assemblea-General-AFA-AGMUNDET-20230215-signada.pdf\">Acta assemblea 15 febrer de 2023<\/a><\/p>\n<p><a href=\"http:\/\/ampa.agmundet.es\/wp-content\/uploads\/2023\/01\/Convocatoria_assemblea_general_20230215.pdf\">Convocat\u00f2ria Assemblea 15 febrer de 2023<\/a><\/p>\n<p><a href=\"http:\/\/ampa.agmundet.es\/wp-content\/uploads\/2022\/05\/CONVOCATORIA_ASAMBLEA_18_05_22.pdf\">Assemblea 18 de maig 2022<\/a><\/p>\n<p><a href=\"http:\/\/ampa.agmundet.es\/wp-content\/uploads\/2022\/05\/Assemblea-AFA-301121-.pdf\">Acta assemblea 30 novembre de 2021<\/a><\/p>\n<p><a href=\"http:\/\/ampa.agmundet.es\/wp-content\/uploads\/2021\/11\/CONVOCATORIA-ASSEMBLEA-AMPA-30-11-2020.docx\">ASSEMBLEA-APA-30-11-2021<\/a><\/p>\n<p><a href=\"http:\/\/ampa.agmundet.es\/wp-content\/uploads\/2021\/05\/CONVOCATORIA-ASSEMBLEA-AMPA-20-05-2021.docx.pdf\">ASSEMBLEA-AMPA-20-05-2021<\/a><\/p>\n<p>\u00a0<\/p>\n\n\n<p><\/p>\n","protected":false},"excerpt":{"rendered":"<p>L\u2019AFA est\u00e0 integrada per totes les fam\u00edlies que tenen fills i filles matriculats a l\u2019Institut Anna Gironella de Mundet. La Junta de l\u2019AFA \u00e9s l\u2019\u00f2rgan d\u2019organitzaci\u00f3, gesti\u00f3 i funcionament de l\u2019associaci\u00f3 per delegaci\u00f3 expressa de l\u2019Assemblea i est\u00e0 composta per la presid\u00e8ncia, la vicepresid\u00e8ncia, la secretaria, la tresoreria i quatre vocals. Als quals poden adre\u00e7ar-se totes les fam\u00edlies per demanar<\/p>\n","protected":false},"author":1,"featured_media":0,"parent":0,"menu_order":0,"comment_status":"closed","ping_status":"open","template":"","meta":{"footnotes":""},"class_list":["post-32","page","type-page","status-publish","hentry"],"wppr_data":{"cwp_meta_box_check":"No","cwp_rev_product_name":"","cwp_rev_product_image":"","cwp_image_link":"image","cwp_rev_price":""},"post_mailing_queue_ids":[],"_links":{"self":[{"href":"http:\/\/ampa.agmundet.es\/index.php?rest_route=\/wp\/v2\/pages\/32","targetHints":{"allow":["GET"]}}],"collection":[{"href":"http:\/\/ampa.agmundet.es\/index.php?rest_route=\/wp\/v2\/pages"}],"about":[{"href":"http:\/\/ampa.agmundet.es\/index.php?rest_route=\/wp\/v2\/types\/page"}],"author":[{"embeddable":true,"href":"http:\/\/ampa.agmundet.es\/index.php?rest_route=\/wp\/v2\/users\/1"}],"replies":[{"embeddable":true,"href":"http:\/\/ampa.agmundet.es\/index.php?rest_route=%2Fwp%2Fv2%2Fcomments&post=32"}],"version-history":[{"count":77,"href":"http:\/\/ampa.agmundet.es\/index.php?rest_route=\/wp\/v2\/pages\/32\/revisions"}],"predecessor-version":[{"id":3082,"href":"http:\/\/ampa.agmundet.es\/index.php?rest_route=\/wp\/v2\/pages\/32\/revisions\/3082"}],"wp:attachment":[{"href":"http:\/\/ampa.agmundet.es\/index.php?rest_route=%2Fwp%2Fv2%2Fmedia&parent=32"}],"curies":[{"name":"wp","href":"https:\/\/api.w.org\/{rel}","templated":true}]}}